{"id":667,"date":"2022-03-30T11:19:33","date_gmt":"2022-03-30T09:19:33","guid":{"rendered":"https:\/\/www.myroots.lu\/new\/?post_type=product&#038;p=667"},"modified":"2022-03-30T11:19:33","modified_gmt":"2022-03-30T09:19:33","slug":"decoration-murale-mais","status":"publish","type":"product","link":"https:\/\/www.myroots.lu\/new\/product\/decoration-murale-mais\/","title":{"rendered":"D\u00e9coration Murale \u00ab\u00a0Mais\u00a0\u00bb"},"content":{"rendered":"","protected":false},"excerpt":{"rendered":"<p>Photo d&rsquo;un plat v\u00e9g\u00e9tal de Ren\u00e9 Mathieu en contrecoll\u00e9.<\/p>\n<p>Le contrecoll\u00e9 est un proc\u00e9d\u00e9 utilis\u00e9 pour apporter un soutient rigide \u00e0 une photographie d&rsquo;Art) sur une plaque d\u2019aluminium composite. Ce mat\u00e9riau fin et l\u00e9ger est constitu\u00e9 d&rsquo;une couche de poly\u00e9thyl\u00e8ne en sandwich entre 2 feuilles fines d&rsquo;aluminium ce qui le rend rigide et l\u00e9ger pour une \u00e9paisseur de 2-3 mm.<\/p>\n<p>Taille: 100cm x 100cm<\/p>\n","protected":false},"featured_media":671,"comment_status":"open","ping_status":"closed","template":"","meta":{"ngg_post_thumbnail":0},"product_brand":[],"product_cat":[31],"product_tag":[],"class_list":{"0":"post-667","1":"product","2":"type-product","3":"status-publish","4":"has-post-thumbnail","6":"product_cat-art-mural","7":"post","9":"first","10":"instock","11":"taxable","12":"shipping-taxable","13":"purchasable","14":"product-type-simple"},"_links":{"self":[{"href":"https:\/\/www.myroots.lu\/new\/wp-json\/wp\/v2\/product\/667","targetHints":{"allow":["GET"]}}],"collection":[{"href":"https:\/\/www.myroots.lu\/new\/wp-json\/wp\/v2\/product"}],"about":[{"href":"https:\/\/www.myroots.lu\/new\/wp-json\/wp\/v2\/types\/product"}],"replies":[{"embeddable":true,"href":"https:\/\/www.myroots.lu\/new\/wp-json\/wp\/v2\/comments?post=667"}],"wp:featuredmedia":[{"embeddable":true,"href":"https:\/\/www.myroots.lu\/new\/wp-json\/wp\/v2\/media\/671"}],"wp:attachment":[{"href":"https:\/\/www.myroots.lu\/new\/wp-json\/wp\/v2\/media?parent=667"}],"wp:term":[{"taxonomy":"product_brand","embeddable":true,"href":"https:\/\/www.myroots.lu\/new\/wp-json\/wp\/v2\/product_brand?post=667"},{"taxonomy":"product_cat","embeddable":true,"href":"https:\/\/www.myroots.lu\/new\/wp-json\/wp\/v2\/product_cat?post=667"},{"taxonomy":"product_tag","embeddable":true,"href":"https:\/\/www.myroots.lu\/new\/wp-json\/wp\/v2\/product_tag?post=667"}],"curies":[{"name":"wp","href":"https:\/\/api.w.org\/{rel}","templated":true}]}}