{"id":795,"date":"2022-11-24T12:10:40","date_gmt":"2022-11-24T11:10:40","guid":{"rendered":"https:\/\/www.myroots.lu\/new\/?post_type=product&#038;p=795"},"modified":"2022-11-24T13:27:20","modified_gmt":"2022-11-24T12:27:20","slug":"liqueur-de-fenouil","status":"publish","type":"product","link":"https:\/\/www.myroots.lu\/new\/product\/liqueur-de-fenouil\/","title":{"rendered":"Liqueur de Fenouil"},"content":{"rendered":"","protected":false},"excerpt":{"rendered":"<div>\n<p>&nbsp;<\/p>\n<p style=\"font-weight: 400;\"><strong>vol. 50cl. &nbsp;&#8211; &nbsp;alc. 35%&nbsp;<\/strong><\/p>\n<p style=\"font-weight: 400;\">Sa couleur verte intense et son parfum incomparable, met en avant les caract\u00e9ristiques typiques du fenouil.<\/p>\n<p style=\"font-weight: 400;\">Appr\u00e9ci\u00e9 pour ses propri\u00e9t\u00e9s digestives, on recommande de la servir glac\u00e9 en fin de repas. Alternativement elle peut aussi \u00eatre&nbsp;allong\u00e9 ou utilis\u00e9 dans vos cocktails.<\/p>\n<p style=\"font-weight: 400;\">C\u2019est une liqueur unique qui est pr\u00e9par\u00e9 artisanalement en petite quantit\u00e9 par l\u2019\u00e9quipe de My Roots.<\/p>\n<p style=\"font-weight: 400;\">La formation de particules en suspension est tout \u00e0 fait naturelle, c&rsquo;est une indication de l&rsquo;artisanat du produit.<br \/>\nSecouez pour rendre tout uniforme.<\/p>\n<\/div>\n","protected":false},"featured_media":797,"comment_status":"open","ping_status":"closed","template":"","meta":{"ngg_post_thumbnail":0},"product_brand":[],"product_cat":[29],"product_tag":[],"class_list":{"0":"post-795","1":"product","2":"type-product","3":"status-publish","4":"has-post-thumbnail","6":"product_cat-drinks","7":"post","9":"first","10":"instock","11":"taxable","12":"shipping-taxable","13":"purchasable","14":"product-type-simple"},"_links":{"self":[{"href":"https:\/\/www.myroots.lu\/new\/wp-json\/wp\/v2\/product\/795","targetHints":{"allow":["GET"]}}],"collection":[{"href":"https:\/\/www.myroots.lu\/new\/wp-json\/wp\/v2\/product"}],"about":[{"href":"https:\/\/www.myroots.lu\/new\/wp-json\/wp\/v2\/types\/product"}],"replies":[{"embeddable":true,"href":"https:\/\/www.myroots.lu\/new\/wp-json\/wp\/v2\/comments?post=795"}],"wp:featuredmedia":[{"embeddable":true,"href":"https:\/\/www.myroots.lu\/new\/wp-json\/wp\/v2\/media\/797"}],"wp:attachment":[{"href":"https:\/\/www.myroots.lu\/new\/wp-json\/wp\/v2\/media?parent=795"}],"wp:term":[{"taxonomy":"product_brand","embeddable":true,"href":"https:\/\/www.myroots.lu\/new\/wp-json\/wp\/v2\/product_brand?post=795"},{"taxonomy":"product_cat","embeddable":true,"href":"https:\/\/www.myroots.lu\/new\/wp-json\/wp\/v2\/product_cat?post=795"},{"taxonomy":"product_tag","embeddable":true,"href":"https:\/\/www.myroots.lu\/new\/wp-json\/wp\/v2\/product_tag?post=795"}],"curies":[{"name":"wp","href":"https:\/\/api.w.org\/{rel}","templated":true}]}}