{"id":923,"date":"2023-06-08T08:43:53","date_gmt":"2023-06-08T06:43:53","guid":{"rendered":"https:\/\/www.myroots.lu\/new\/?post_type=product&#038;p=923"},"modified":"2023-06-19T13:32:42","modified_gmt":"2023-06-19T11:32:42","slug":"vinaigre-sakura","status":"publish","type":"product","link":"https:\/\/www.myroots.lu\/new\/product\/vinaigre-sakura\/","title":{"rendered":"Vinaigre Sakura"},"content":{"rendered":"","protected":false},"excerpt":{"rendered":"<p>&nbsp;<\/p>\n<p style=\"font-weight: 400;\"><strong>vol. 25cl.&nbsp;<\/strong><\/p>\n<p style=\"font-weight: 400;\">Ce vinaigre de Sakura, artisanalement fabriqu\u00e9 par nos soins, poss\u00e8de une bel \u00e9quilibre entre l&rsquo;acidit\u00e9 et la douceur. Il \u00e0 des belles notes florales typique du sakura et&nbsp;parfumera d\u00e9licieusement vos plats.<\/p>\n<p style=\"font-weight: 400;\">C\u2019est un parfait ingr\u00e9dient pour vos vinaigrettes, vos mayonnaises ou m\u00eame pour d\u00e9glacer une volaille ou une viande.<\/p>\n<p style=\"font-weight: 400;\">Les fleurs sont cueillies \u00e0 la main durant la courte saison de floraison au printemps dans notre environnement. Sa couleur rose naturelle provient uniquement des p\u00e9tales.&nbsp;<\/p>\n<p style=\"font-weight: 400;\">C\u2019est un vinaigre unique qui est pr\u00e9par\u00e9 artisanalement en petite quantit\u00e9 par l\u2019\u00e9quipe de My Roots.<\/p>\n<p style=\"font-weight: 400;\">La formation de particules en suspension est tout \u00e0 fait naturelle, c&rsquo;est une indication de l&rsquo;artisanat du produit. Secouez pour rendre tout uniforme.<\/p>\n","protected":false},"featured_media":929,"comment_status":"open","ping_status":"closed","template":"","meta":{"ngg_post_thumbnail":0},"product_brand":[],"product_cat":[29],"product_tag":[],"class_list":{"0":"post-923","1":"product","2":"type-product","3":"status-publish","4":"has-post-thumbnail","6":"product_cat-drinks","7":"post","9":"first","10":"instock","11":"taxable","12":"shipping-taxable","13":"purchasable","14":"product-type-simple"},"_links":{"self":[{"href":"https:\/\/www.myroots.lu\/new\/wp-json\/wp\/v2\/product\/923","targetHints":{"allow":["GET"]}}],"collection":[{"href":"https:\/\/www.myroots.lu\/new\/wp-json\/wp\/v2\/product"}],"about":[{"href":"https:\/\/www.myroots.lu\/new\/wp-json\/wp\/v2\/types\/product"}],"replies":[{"embeddable":true,"href":"https:\/\/www.myroots.lu\/new\/wp-json\/wp\/v2\/comments?post=923"}],"wp:featuredmedia":[{"embeddable":true,"href":"https:\/\/www.myroots.lu\/new\/wp-json\/wp\/v2\/media\/929"}],"wp:attachment":[{"href":"https:\/\/www.myroots.lu\/new\/wp-json\/wp\/v2\/media?parent=923"}],"wp:term":[{"taxonomy":"product_brand","embeddable":true,"href":"https:\/\/www.myroots.lu\/new\/wp-json\/wp\/v2\/product_brand?post=923"},{"taxonomy":"product_cat","embeddable":true,"href":"https:\/\/www.myroots.lu\/new\/wp-json\/wp\/v2\/product_cat?post=923"},{"taxonomy":"product_tag","embeddable":true,"href":"https:\/\/www.myroots.lu\/new\/wp-json\/wp\/v2\/product_tag?post=923"}],"curies":[{"name":"wp","href":"https:\/\/api.w.org\/{rel}","templated":true}]}}